{"id":1958,"date":"2025-06-22T03:52:11","date_gmt":"2025-06-22T03:52:11","guid":{"rendered":"https:\/\/airbagclocksprings.com\/?post_type=product&#038;p=1958"},"modified":"2025-07-29T02:44:39","modified_gmt":"2025-07-29T02:44:39","slug":"molas-do-relogio-tesla","status":"publish","type":"product","link":"https:\/\/airbagclocksprings.com\/pt\/fabricante\/molas-do-relogio-tesla\/","title":{"rendered":"Molas de rel\u00f3gio Tesla"},"content":{"rendered":"<p><script type=\"application\/ld+json\">{\n    \"@context\": \"https:\\\/\\\/schema.org\",\n    \"@type\": \"FAQPage\",\n    \"mainEntity\": [\n        {\n            \"@type\": \"Question\",\n            \"name\": \"How do I find the right clock spring for a specific Tesla model?\",\n            \"acceptedAnswer\": {\n                \"@type\": \"Answer\",\n                \"text\": \"The most reliable method is to use the vehicle's VIN to confirm the exact OE part number. While our reference table is a helpful guide, we urge you to contact our specialists with the VIN to verify the correct aftermarket Tesla spiral cable before ordering.\"\n            }\n        },\n        {\n            \"@type\": \"Question\",\n            \"name\": \"Will your aftermarket parts affect Autopilot?\",\n            \"acceptedAnswer\": {\n                \"@type\": \"Answer\",\n                \"text\": \"No. We engineer our premium aftermarket Tesla clock springs to meet or exceed the high-speed data transmission requirements for systems like Autopilot, ensuring full functionality.\"\n            }\n        },\n        {\n            \"@type\": \"Question\",\n            \"name\": \"Is the clock spring for a Yoke steering wheel different?\",\n            \"acceptedAnswer\": {\n                \"@type\": \"Answer\",\n                \"text\": \"Yes, absolutely. The internal wiring and connectors for the Yoke are fundamentally different. Consequently, it is crucial to use the part number specified for the exact steering wheel type and vehicle model to avoid incompatibility.\"\n            }\n        },\n        {\n            \"@type\": \"Question\",\n            \"name\": \"What is the warranty on your aftermarket Tesla spiral cables?\",\n            \"acceptedAnswer\": {\n                \"@type\": \"Answer\",\n                \"text\": \"We confidently stand behind our manufacturing quality. All our aftermarket Tesla compatible spiral cables are supported by a standard 12-month manufacturer's warranty.\"\n            }\n        }\n    ]\n}<\/script><\/p>\n<div class=\"product-description-wrapper\">\n<div class=\"page-container\">\n<div class=\"content-layout\">\n            <!-- \u684c\u9762\u7aef\u7c98\u6027\u76ee\u5f55 --><\/p>\n<aside id=\"toc-sidebar\" class=\"toc-sidebar\">\n<p class=\"toc-title\">Nesta p\u00e1gina<\/p>\n<ul>\n<li><a href=\"#introduction\">Introdu\u00e7\u00e3o<\/a><\/li>\n<li><a href=\"#benefits\">A vantagem da Zhengyang<\/a><\/li>\n<li><a href=\"#part-list\">Refer\u00eancia do n\u00famero de pe\u00e7a<\/a><\/li>\n<li><a href=\"#symptoms\">Sintomas de falha<\/a><\/li>\n<li><a href=\"#faq\">Perguntas frequentes sobre atacado<\/a><\/li>\n<li><a href=\"#cta\">Solicite uma cota\u00e7\u00e3o<\/a><\/li>\n<\/ul>\n<\/aside>\n<p>            <!-- \u4e3b\u8981\u5185\u5bb9\u533a\u57df --><br \/>\n            <main class=\"main-content\"><\/p>\n<section id=\"introduction\">\n<h1>Molas de rel\u00f3gio Tesla do mercado de reposi\u00e7\u00e3o no atacado<\/h1>\n<p class=\"page-summary\">Seu parceiro B2B confi\u00e1vel com certifica\u00e7\u00e3o IATF 16949 para molas de rel\u00f3gio Tesla de reposi\u00e7\u00e3o. Oferecemos suporte \u00e0 tecnologia avan\u00e7ada do Modelo 3, Modelo Y, Modelo S e Modelo X com pre\u00e7os diretos da f\u00e1brica e distribui\u00e7\u00e3o global.<\/p>\n<p>A manuten\u00e7\u00e3o da funcionalidade avan\u00e7ada de um Tesla, desde o Autopilot at\u00e9 seus controles minimalistas, depende de uma conex\u00e3o el\u00e9trica perfeita dentro da coluna de dire\u00e7\u00e3o. No centro desse sistema est\u00e1 um componente cr\u00edtico: a mola do rel\u00f3gio. Consequentemente, quando essa pe\u00e7a falha, ela pode comprometer n\u00e3o apenas os recursos de conveni\u00eancia, mas tamb\u00e9m os sistemas de seguran\u00e7a essenciais, como o airbag. A Guangzhou Zhengyang Auto Parts (AirbagClockSprings.com) \u00e9 especializada na fabrica\u00e7\u00e3o de pe\u00e7as de reposi\u00e7\u00e3o de alta qualidade. <strong>Cabos espirais Tesla<\/strong> projetado para restaurar esse v\u00ednculo vital.<\/p>\n<p>Al\u00e9m disso, como uma instala\u00e7\u00e3o certificada pela IATF 16949, oferecemos aos especialistas em reparos de ve\u00edculos el\u00e9tricos e distribuidores internacionais uma alternativa confi\u00e1vel e econ\u00f4mica \u00e0s pe\u00e7as OEM. Nosso cat\u00e1logo abrangente abrange <strong>Modelo 3<\/strong>, <strong>Modelo Y<\/strong>, <strong>Modelo S<\/strong>e <strong>Modelo X<\/strong>. Cada <strong>Mola do rel\u00f3gio do airbag da Tesla<\/strong> \u00e9 rigorosamente testado para garantir total compatibilidade com todas as fun\u00e7\u00f5es do volante. Portanto, a parceria conosco significa que voc\u00ea pode fornecer componentes confi\u00e1veis ao seu mercado.<\/p>\n<\/section>\n<p>                <!-- \u79fb\u52a8\u7aef\u76ee\u5f55 --><\/p>\n<div id=\"toc-mobile-toggle\" class=\"toc-mobile-toggle\">Nesta p\u00e1gina<\/div>\n<div id=\"toc-mobile-content\" class=\"toc-mobile-content\">\n<ul>\n<li><a href=\"#introduction\">Introdu\u00e7\u00e3o<\/a><\/li>\n<li><a href=\"#benefits\">A vantagem da Zhengyang<\/a><\/li>\n<li><a href=\"#part-list\">Refer\u00eancia do n\u00famero de pe\u00e7a<\/a><\/li>\n<li><a href=\"#symptoms\">Sintomas de falha<\/a><\/li>\n<li><a href=\"#faq\">Perguntas frequentes sobre atacado<\/a><\/li>\n<li><a href=\"#cta\">Solicite uma cota\u00e7\u00e3o<\/a><\/li>\n<\/ul><\/div>\n<section id=\"benefits\">\n<h2 id=\"benefits-heading\">A vantagem da Zhengyang: Qualidade e confiabilidade com as quais voc\u00ea pode contar<\/h2>\n<p>A escolha do fornecedor certo para componentes sofisticados, como um <strong>Mola do rel\u00f3gio do volante do Tesla<\/strong> \u00e9 crucial para a reputa\u00e7\u00e3o de sua empresa. Veja por que a Zhengyang \u00e9 a parceira preferida dos clientes B2B em todo o mundo:<\/p>\n<ul class=\"benefits-list\">\n<li><strong>Conhecimento e experi\u00eancia comprovados:<\/strong> Com mais de 15 anos desde a nossa funda\u00e7\u00e3o em 2007, nos especializamos exclusivamente na fabrica\u00e7\u00e3o de molas de rel\u00f3gio. Esse foco garante profundo conhecimento t\u00e9cnico e engenharia de produto superior.<\/li>\n<li><strong>Qualidade certificada pela IATF 16949:<\/strong> A certifica\u00e7\u00e3o da nossa f\u00e1brica \u00e9 a sua garantia. Ela confirma que cada <strong>Mola do rel\u00f3gio do airbag da Tesla<\/strong> atende aos rigorosos requisitos de qualidade e seguran\u00e7a do setor automotivo.<\/li>\n<li><strong>Compatibilidade total de recursos:<\/strong> Nossas pe\u00e7as de reposi\u00e7\u00e3o s\u00e3o meticulosamente projetadas para suportar todos os recursos avan\u00e7ados da Tesla, incluindo a transmiss\u00e3o de dados do Autopilot, controles completos no volante e integridade do sistema de airbag.<\/li>\n<li><strong>Pre\u00e7os competitivos diretos da f\u00e1brica:<\/strong> Como fabricante direto, eliminamos os intermedi\u00e1rios. Isso nos permite oferecer margens superiores em suas compras no atacado de <strong>Mola de rel\u00f3gio Tesla<\/strong> Substitui\u00e7\u00f5es.<\/li>\n<li><strong>Suporte especializado em B2B:<\/strong> Nossa equipe entende as nuances das pe\u00e7as Tesla. Podemos ajudar a verificar a pe\u00e7a correta <strong>Cabo espiral Tesla<\/strong> para diferentes anos de modelo e vers\u00f5es de hardware, garantindo que voc\u00ea sempre pe\u00e7a a pe\u00e7a certa.<\/li>\n<\/ul>\n<\/section>\n<section id=\"part-list\">\n<h2 id=\"part-list-heading\">Guia de refer\u00eancia de modelo e n\u00famero de pe\u00e7a da Tesla<\/h2>\n<p>Devido \u00e0s frequentes atualiza\u00e7\u00f5es de hardware da Tesla, \u00e9 essencial identificar a pe\u00e7a correta. Use este guia para encontrar poss\u00edveis n\u00fameros OE para a pe\u00e7a de reposi\u00e7\u00e3o necess\u00e1ria <strong>Cabos espirais Tesla<\/strong>. No entanto, a verifica\u00e7\u00e3o final usando o VIN do ve\u00edculo \u00e9 sempre obrigat\u00f3ria.<\/p>\n<div class=\"table-responsive-wrapper\">\n<table class=\"data-table\">\n<caption>Lista de refer\u00eancias OE da mola do rel\u00f3gio Tesla<\/caption>\n<thead>\n<tr>\n<th scope=\"col\">Modelo Tesla<\/th>\n<th scope=\"col\">Faixa de ano aprox. \/ Observa\u00e7\u00f5es<\/th>\n<th scope=\"col\">N\u00famero de pe\u00e7a OE (somente refer\u00eancia)<\/th>\n<\/tr>\n<\/thead>\n<tbody>\n<tr>\n<td>Tesla Modelo 3<\/td>\n<td>2017+<\/td>\n<td>1077793-00-F \/ 1104958-00-C <\/td>\n<\/tr>\n<tr>\n<td>Tesla Modelo Y<\/td>\n<td>2020+<\/td>\n<td>1077793-00-F \/ 1494793-00-B <\/td>\n<\/tr>\n<tr>\n<td>Tesla Model S<\/td>\n<td>Pr\u00e9-2021 (pr\u00e9-pal\u00e1dio)<\/td>\n<td>1004383-00-E \/ 6009083-00-D <\/td>\n<\/tr>\n<tr>\n<td>Tesla Model S<\/td>\n<td>2021+ (Pal\u00e1dio\/Plaid, Yoke\/Round)<\/td>\n<td>1613728-00-B \/ 1599371-00-C <\/td>\n<\/tr>\n<tr>\n<td>Tesla Model X<\/td>\n<td>Pr\u00e9-2021 (pr\u00e9-pal\u00e1dio)<\/td>\n<td>1024344-00-F \/ 1037578-00-F <\/td>\n<\/tr>\n<tr>\n<td>Tesla Model X<\/td>\n<td>2021+ (Pal\u00e1dio\/Plaid, Yoke\/Round)<\/td>\n<td>1613728-00-B \/ 1599371-00-C <\/td>\n<\/tr>\n<\/tbody>\n<\/table><\/div>\n<p>                    <span class=\"note\"><strong>Importante:<\/strong> Os n\u00fameros de pe\u00e7a da Tesla s\u00e3o altamente espec\u00edficos. A compatibilidade DEVE ser verificada usando o VIN do ve\u00edculo. Entre em contato com nossa equipe de especialistas para obter assist\u00eancia antes de fazer um pedido.<\/span><br \/>\n                <\/section>\n<section id=\"symptoms\">\n<h2 id=\"symptoms-heading\">Sintomas comuns de um cabo espiral com defeito<\/h2>\n<p>Uma unidade defeituosa em um Tesla normalmente apresentar\u00e1 um ou mais dos seguintes problemas, indicando que <strong>Mola de rel\u00f3gio Tesla<\/strong> a substitui\u00e7\u00e3o \u00e9 necess\u00e1ria:<\/p>\n<ul>\n<li><strong>Luz de advert\u00eancia do airbag (SRS):<\/strong> O indicador mais cr\u00edtico, pois significa que o airbag pode n\u00e3o ser acionado em uma colis\u00e3o.<\/li>\n<li><strong>Controles do volante que n\u00e3o respondem:<\/strong> As rodas de rolagem, os controles de m\u00eddia ou outros bot\u00f5es param de funcionar de forma intermitente ou completa.<\/li>\n<li><strong>Mau funcionamento da buzina:<\/strong> A buzina n\u00e3o soa.<\/li>\n<li><strong>Erros do piloto autom\u00e1tico e do controle de cruzeiro:<\/strong> O ve\u00edculo pode exibir erros relacionados ao \u00e2ngulo de dire\u00e7\u00e3o ou desativar os recursos de assist\u00eancia ao motorista.<\/li>\n<\/ul>\n<\/section>\n<section id=\"faq\">\n<h2 id=\"faq-heading\">Perguntas frequentes para compradores de atacado<\/h2>\n<div class=\"faq-item\">\n<h3>Como fa\u00e7o para encontrar a mola de rel\u00f3gio correta para um modelo espec\u00edfico da Tesla?<\/h3>\n<p>O m\u00e9todo mais confi\u00e1vel \u00e9 usar o VIN do ve\u00edculo para confirmar o n\u00famero exato da pe\u00e7a do equipamento original. Embora nossa tabela de refer\u00eancia seja um guia \u00fatil, pedimos que entre em contato com nossos especialistas com o VIN para verificar o n\u00famero correto da pe\u00e7a de reposi\u00e7\u00e3o. <strong>Cabo espiral Tesla<\/strong> antes de fazer o pedido.<\/p>\n<\/p><\/div>\n<div class=\"faq-item\">\n<h3>Suas pe\u00e7as de reposi\u00e7\u00e3o afetar\u00e3o o Autopilot?<\/h3>\n<p>N\u00e3o. Projetamos nosso pr\u00eamio <strong>molas de rel\u00f3gio Tesla de reposi\u00e7\u00e3o<\/strong> para atender ou exceder os requisitos de transmiss\u00e3o de dados em alta velocidade para sistemas como o Autopilot, garantindo a funcionalidade total.<\/p>\n<\/p><\/div>\n<div class=\"faq-item\">\n<h3>A mola do rel\u00f3gio de um volante Yoke \u00e9 diferente?<\/h3>\n<p>Sim, com certeza. A fia\u00e7\u00e3o interna e os conectores do Yoke s\u00e3o fundamentalmente diferentes. Consequentemente, \u00e9 fundamental usar o n\u00famero de pe\u00e7a especificado para o tipo exato de volante e modelo de ve\u00edculo para evitar incompatibilidade.<\/p>\n<\/p><\/div>\n<div class=\"faq-item\">\n<h3>Qual \u00e9 a garantia de seus cabos espirais Tesla de reposi\u00e7\u00e3o?<\/h3>\n<p>N\u00f3s garantimos com confian\u00e7a a qualidade de nossa fabrica\u00e7\u00e3o. Todos os nossos <strong>Cabos espirais compat\u00edveis com Tesla<\/strong> s\u00e3o apoiados por uma garantia padr\u00e3o do fabricante de 12 meses.<\/p>\n<\/p><\/div>\n<\/section>\n<section id=\"cta\" class=\"cta-section\">\n<h2 id=\"cta-heading\">Pronto para estocar molas de rel\u00f3gio Tesla de qualidade?<\/h2>\n<p>Aumente seu estoque com molas de rel\u00f3gio Tesla confi\u00e1veis e direto da f\u00e1brica. Forne\u00e7a o(s) n\u00famero(s) OE e as quantidades necess\u00e1rias para obter uma cota\u00e7\u00e3o B2B precisa de nossa equipe.<\/p>\n<p>                    <a href=\"https:\/\/airbagclocksprings.com\/pt\/entre-em-contato-conosco-4\/?from_product=tesla-clock-springs\" class=\"button primary-button cta-button\">SOLICITE UMA COTA\u00c7\u00c3O DE ATACADO<\/a><br \/>\n                <\/section>\n<p>            <\/main>\n        <\/div>\n<\/p><\/div>\n<\/div>","protected":false},"excerpt":{"rendered":"<p>Destaques de produtos e sourcing<br \/>\nPrincipais pontos fortes do neg\u00f3cio:<\/p>\n<ul>\n<li>Tipo de fornecedor: Fabricante direto, fornecedor global<\/li>\n<li>Certifica\u00e7\u00e3o principal: Certifica\u00e7\u00e3o IATF 16949<\/li>\n<li>Cobertura de produtos: Gama abrangente para Tesla Model S, 3, X, Y<\/li>\n<li>Termos de pedido e parceria:<\/li>\n<li>Quantidade m\u00ednima de pedido (MOQ): 20 a 50 unidades por n\u00famero de OE<\/li>\n<li>Prazo de execu\u00e7\u00e3o da produ\u00e7\u00e3o: 7 a 10 dias corridos<\/li>\n<li>Garantia de qualidade: 12 meses de garantia do fabricante<\/li>\n<li>Personaliza\u00e7\u00e3o: Embalagem personalizada dispon\u00edvel<\/li>\n<li>Suporte t\u00e9cnico: Verifica\u00e7\u00e3o especializada de OE e consultoria t\u00e9cnica fornecida<\/li>\n<\/ul>","protected":false},"featured_media":1961,"template":"","meta":[],"product_brand":[],"product_cat":[53],"product_tag":[],"class_list":{"0":"post-1958","1":"product","2":"type-product","3":"status-publish","4":"has-post-thumbnail","6":"product_cat-telsa-clock-springs","8":"first","9":"instock","10":"shipping-taxable","11":"product-type-simple"},"yoast_head":"<!-- This site is optimized with the Yoast SEO Premium plugin v25.3.1 (Yoast SEO v25.3.1) - https:\/\/yoast.com\/wordpress\/plugins\/seo\/ -->\n<title>Tesla Clock Springs - Airbag Clock Spring Manufacturer | OEM Quality | Guangzhou Zhengyang<\/title>\n<meta name=\"description\" content=\"Shop wholesale Tesla Clock Springs for Model 3, Y, S, and X from an IATF 16949-certified manufacturer. We supply premium aftermarket spiral cables.\" \/>\n<meta name=\"robots\" content=\"index, follow, max-snippet:-1, max-image-preview:large, max-video-preview:-1\" \/>\n<link rel=\"canonical\" href=\"https:\/\/airbagclocksprings.com\/pt\/fabricante\/molas-do-relogio-tesla\/\" \/>\n<meta property=\"og:locale\" content=\"pt_BR\" \/>\n<meta property=\"og:type\" content=\"article\" \/>\n<meta property=\"og:title\" content=\"Tesla Clock Springs\" \/>\n<meta property=\"og:description\" content=\"Shop wholesale Tesla Clock Springs for Model 3, Y, S, and X from an IATF 16949-certified manufacturer. We supply premium aftermarket spiral cables.\" \/>\n<meta property=\"og:url\" content=\"https:\/\/airbagclocksprings.com\/pt\/fabricante\/molas-do-relogio-tesla\/\" \/>\n<meta property=\"og:site_name\" content=\"Airbag Clock Spring Manufacturer | OEM Quality | Guangzhou Zhengyang\" \/>\n<meta property=\"article:modified_time\" content=\"2025-07-29T02:44:39+00:00\" \/>\n<meta property=\"og:image\" content=\"http:\/\/airbagclocksprings.com\/wp-content\/uploads\/2025\/06\/105735-7-00-B9051.webp\" \/>\n\t<meta property=\"og:image:width\" content=\"1000\" \/>\n\t<meta property=\"og:image:height\" content=\"1000\" \/>\n\t<meta property=\"og:image:type\" content=\"image\/webp\" \/>\n<meta name=\"twitter:card\" content=\"summary_large_image\" \/>\n<meta name=\"twitter:label1\" content=\"Est. tempo de leitura\" \/>\n\t<meta name=\"twitter:data1\" content=\"4 minutos\" \/>\n<script type=\"application\/ld+json\" class=\"yoast-schema-graph\">{\"@context\":\"https:\/\/schema.org\",\"@graph\":[{\"@type\":[\"WebPage\",\"ItemPage\"],\"@id\":\"https:\/\/airbagclocksprings.com\/manufacturer\/tesla-clock-springs\/\",\"url\":\"https:\/\/airbagclocksprings.com\/manufacturer\/tesla-clock-springs\/\",\"name\":\"Tesla Clock Springs - Airbag Clock Spring Manufacturer | OEM Quality | Guangzhou Zhengyang\",\"isPartOf\":{\"@id\":\"https:\/\/airbagclocksprings.com\/#website\"},\"primaryImageOfPage\":{\"@id\":\"https:\/\/airbagclocksprings.com\/manufacturer\/tesla-clock-springs\/#primaryimage\"},\"image\":{\"@id\":\"https:\/\/airbagclocksprings.com\/manufacturer\/tesla-clock-springs\/#primaryimage\"},\"thumbnailUrl\":\"https:\/\/airbagclocksprings.com\/wp-content\/uploads\/2025\/06\/105735-7-00-B9051.webp\",\"datePublished\":\"2025-06-22T03:52:11+00:00\",\"dateModified\":\"2025-07-29T02:44:39+00:00\",\"description\":\"Shop wholesale Tesla Clock Springs for Model 3, Y, S, and X from an IATF 16949-certified manufacturer. We supply premium aftermarket spiral cables.\",\"breadcrumb\":{\"@id\":\"https:\/\/airbagclocksprings.com\/manufacturer\/tesla-clock-springs\/#breadcrumb\"},\"inLanguage\":\"pt-BR\",\"potentialAction\":[{\"@type\":\"ReadAction\",\"target\":[\"https:\/\/airbagclocksprings.com\/manufacturer\/tesla-clock-springs\/\"]}]},{\"@type\":\"ImageObject\",\"inLanguage\":\"pt-BR\",\"@id\":\"https:\/\/airbagclocksprings.com\/manufacturer\/tesla-clock-springs\/#primaryimage\",\"url\":\"https:\/\/airbagclocksprings.com\/wp-content\/uploads\/2025\/06\/105735-7-00-B9051.webp\",\"contentUrl\":\"https:\/\/airbagclocksprings.com\/wp-content\/uploads\/2025\/06\/105735-7-00-B9051.webp\",\"width\":1000,\"height\":1000,\"caption\":\"Close-up of an automotive airbag clock spring assembly, model 105735 7-00-B9051, showing the black housing, internal spiral cable, and red safety lock, ensuring reliable steering wheel electronic connectivity\"},{\"@type\":\"BreadcrumbList\",\"@id\":\"https:\/\/airbagclocksprings.com\/manufacturer\/tesla-clock-springs\/#breadcrumb\",\"itemListElement\":[{\"@type\":\"ListItem\",\"position\":1,\"name\":\"Home\",\"item\":\"https:\/\/airbagclocksprings.com\/\"},{\"@type\":\"ListItem\",\"position\":2,\"name\":\"Products\",\"item\":\"https:\/\/airbagclocksprings.com\/shop\/\"},{\"@type\":\"ListItem\",\"position\":3,\"name\":\"Tesla Clock Springs\"}]},{\"@type\":\"WebSite\",\"@id\":\"https:\/\/airbagclocksprings.com\/#website\",\"url\":\"https:\/\/airbagclocksprings.com\/\",\"name\":\"Airbag Clock Spring Manufacturer | OEM Quality | Guangzhou Zhengyang\",\"description\":\"\",\"potentialAction\":[{\"@type\":\"SearchAction\",\"target\":{\"@type\":\"EntryPoint\",\"urlTemplate\":\"https:\/\/airbagclocksprings.com\/?s={search_term_string}\"},\"query-input\":{\"@type\":\"PropertyValueSpecification\",\"valueRequired\":true,\"valueName\":\"search_term_string\"}}],\"inLanguage\":\"pt-BR\"}]}<\/script>\n<!-- \/ Yoast SEO Premium plugin. -->","yoast_head_json":{"title":"Molas de Rel\u00f3gio Tesla - Fabricante de Molas de Rel\u00f3gio Airbag | Qualidade OEM | Guangzhou Zhengyang","description":"Compre no atacado as molas de rel\u00f3gio Tesla para os modelos 3, Y, S e X de um fabricante certificado pela IATF 16949. Fornecemos cabos espirais premium para o mercado de reposi\u00e7\u00e3o.","robots":{"index":"index","follow":"follow","max-snippet":"max-snippet:-1","max-image-preview":"max-image-preview:large","max-video-preview":"max-video-preview:-1"},"canonical":"https:\/\/airbagclocksprings.com\/pt\/fabricante\/molas-do-relogio-tesla\/","og_locale":"pt_BR","og_type":"article","og_title":"Tesla Clock Springs","og_description":"Shop wholesale Tesla Clock Springs for Model 3, Y, S, and X from an IATF 16949-certified manufacturer. We supply premium aftermarket spiral cables.","og_url":"https:\/\/airbagclocksprings.com\/pt\/fabricante\/molas-do-relogio-tesla\/","og_site_name":"Airbag Clock Spring Manufacturer | OEM Quality | Guangzhou Zhengyang","article_modified_time":"2025-07-29T02:44:39+00:00","og_image":[{"width":1000,"height":1000,"url":"http:\/\/airbagclocksprings.com\/wp-content\/uploads\/2025\/06\/105735-7-00-B9051.webp","type":"image\/webp"}],"twitter_card":"summary_large_image","twitter_misc":{"Est. tempo de leitura":"4 minutos"},"schema":{"@context":"https:\/\/schema.org","@graph":[{"@type":["WebPage","ItemPage"],"@id":"https:\/\/airbagclocksprings.com\/manufacturer\/tesla-clock-springs\/","url":"https:\/\/airbagclocksprings.com\/manufacturer\/tesla-clock-springs\/","name":"Molas de Rel\u00f3gio Tesla - Fabricante de Molas de Rel\u00f3gio Airbag | Qualidade OEM | Guangzhou Zhengyang","isPartOf":{"@id":"https:\/\/airbagclocksprings.com\/#website"},"primaryImageOfPage":{"@id":"https:\/\/airbagclocksprings.com\/manufacturer\/tesla-clock-springs\/#primaryimage"},"image":{"@id":"https:\/\/airbagclocksprings.com\/manufacturer\/tesla-clock-springs\/#primaryimage"},"thumbnailUrl":"https:\/\/airbagclocksprings.com\/wp-content\/uploads\/2025\/06\/105735-7-00-B9051.webp","datePublished":"2025-06-22T03:52:11+00:00","dateModified":"2025-07-29T02:44:39+00:00","description":"Compre no atacado as molas de rel\u00f3gio Tesla para os modelos 3, Y, S e X de um fabricante certificado pela IATF 16949. Fornecemos cabos espirais premium para o mercado de reposi\u00e7\u00e3o.","breadcrumb":{"@id":"https:\/\/airbagclocksprings.com\/manufacturer\/tesla-clock-springs\/#breadcrumb"},"inLanguage":"pt-BR","potentialAction":[{"@type":"ReadAction","target":["https:\/\/airbagclocksprings.com\/manufacturer\/tesla-clock-springs\/"]}]},{"@type":"ImageObject","inLanguage":"pt-BR","@id":"https:\/\/airbagclocksprings.com\/manufacturer\/tesla-clock-springs\/#primaryimage","url":"https:\/\/airbagclocksprings.com\/wp-content\/uploads\/2025\/06\/105735-7-00-B9051.webp","contentUrl":"https:\/\/airbagclocksprings.com\/wp-content\/uploads\/2025\/06\/105735-7-00-B9051.webp","width":1000,"height":1000,"caption":"Close-up of an automotive airbag clock spring assembly, model 105735 7-00-B9051, showing the black housing, internal spiral cable, and red safety lock, ensuring reliable steering wheel electronic connectivity"},{"@type":"BreadcrumbList","@id":"https:\/\/airbagclocksprings.com\/manufacturer\/tesla-clock-springs\/#breadcrumb","itemListElement":[{"@type":"ListItem","position":1,"name":"Home","item":"https:\/\/airbagclocksprings.com\/"},{"@type":"ListItem","position":2,"name":"Products","item":"https:\/\/airbagclocksprings.com\/shop\/"},{"@type":"ListItem","position":3,"name":"Tesla Clock Springs"}]},{"@type":"WebSite","@id":"https:\/\/airbagclocksprings.com\/#website","url":"https:\/\/airbagclocksprings.com\/","name":"Fabricante de molas de rel\u00f3gio para airbag | Qualidade OEM | Guangzhou Zhengyang","description":"","potentialAction":[{"@type":"SearchAction","target":{"@type":"EntryPoint","urlTemplate":"https:\/\/airbagclocksprings.com\/?s={search_term_string}"},"query-input":{"@type":"PropertyValueSpecification","valueRequired":true,"valueName":"search_term_string"}}],"inLanguage":"pt-BR"}]}},"_links":{"self":[{"href":"https:\/\/airbagclocksprings.com\/pt\/wp-json\/wp\/v2\/product\/1958","targetHints":{"allow":["GET"]}}],"collection":[{"href":"https:\/\/airbagclocksprings.com\/pt\/wp-json\/wp\/v2\/product"}],"about":[{"href":"https:\/\/airbagclocksprings.com\/pt\/wp-json\/wp\/v2\/types\/product"}],"wp:featuredmedia":[{"embeddable":true,"href":"https:\/\/airbagclocksprings.com\/pt\/wp-json\/wp\/v2\/media\/1961"}],"wp:attachment":[{"href":"https:\/\/airbagclocksprings.com\/pt\/wp-json\/wp\/v2\/media?parent=1958"}],"wp:term":[{"taxonomy":"product_brand","embeddable":true,"href":"https:\/\/airbagclocksprings.com\/pt\/wp-json\/wp\/v2\/product_brand?post=1958"},{"taxonomy":"product_cat","embeddable":true,"href":"https:\/\/airbagclocksprings.com\/pt\/wp-json\/wp\/v2\/product_cat?post=1958"},{"taxonomy":"product_tag","embeddable":true,"href":"https:\/\/airbagclocksprings.com\/pt\/wp-json\/wp\/v2\/product_tag?post=1958"}],"curies":[{"name":"wp","href":"https:\/\/api.w.org\/{rel}","templated":true}]}}